{"id":1394,"date":"2025-01-10T18:25:13","date_gmt":"2025-01-10T17:25:13","guid":{"rendered":"https:\/\/kallpageneracion.com.pe\/inicio\/"},"modified":"2026-04-02T18:14:38","modified_gmt":"2026-04-02T16:14:38","slug":"inicio","status":"publish","type":"page","link":"https:\/\/kallpageneracion.com.pe\/en\/","title":{"rendered":"Home"},"content":{"rendered":"","protected":false},"excerpt":{"rendered":"","protected":false},"author":1,"featured_media":0,"parent":0,"menu_order":0,"comment_status":"closed","ping_status":"closed","template":"index.php","meta":{"footnotes":""},"class_list":["post-1394","page","type-page","status-publish","hentry"],"yoast_head":"<!-- This site is optimized with the Yoast SEO plugin v24.9 - https:\/\/yoast.com\/wordpress\/plugins\/seo\/ -->\n<title>Home - Kallpa<\/title>\n<meta name=\"robots\" content=\"index, follow, max-snippet:-1, max-image-preview:large, max-video-preview:-1\" \/>\n<link rel=\"canonical\" href=\"https:\/\/kallpageneracion.com.pe\/en\/\" \/>\n<meta property=\"og:locale\" content=\"en_US\" \/>\n<meta property=\"og:type\" content=\"article\" \/>\n<meta property=\"og:title\" content=\"Home - Kallpa\" \/>\n<meta property=\"og:url\" content=\"https:\/\/kallpageneracion.com.pe\/en\/\" \/>\n<meta property=\"og:site_name\" content=\"Kallpa\" \/>\n<meta property=\"article:modified_time\" content=\"2026-04-02T16:14:38+00:00\" \/>\n<meta name=\"twitter:card\" content=\"summary_large_image\" \/>\n<script type=\"application\/ld+json\" class=\"yoast-schema-graph\">{\"@context\":\"https:\/\/schema.org\",\"@graph\":[{\"@type\":\"WebPage\",\"@id\":\"https:\/\/kallpageneracion.com.pe\/en\/\",\"url\":\"https:\/\/kallpageneracion.com.pe\/en\/\",\"name\":\"Home - Kallpa\",\"isPartOf\":{\"@id\":\"https:\/\/kallpageneracion.com.pe\/#website\"},\"datePublished\":\"2025-01-10T17:25:13+00:00\",\"dateModified\":\"2026-04-02T16:14:38+00:00\",\"breadcrumb\":{\"@id\":\"https:\/\/kallpageneracion.com.pe\/en\/#breadcrumb\"},\"inLanguage\":\"en-US\",\"potentialAction\":[{\"@type\":\"ReadAction\",\"target\":[\"https:\/\/kallpageneracion.com.pe\/en\/\"]}]},{\"@type\":\"BreadcrumbList\",\"@id\":\"https:\/\/kallpageneracion.com.pe\/en\/#breadcrumb\",\"itemListElement\":[{\"@type\":\"ListItem\",\"position\":1,\"name\":\"Portada\",\"item\":\"https:\/\/kallpageneracion.com.pe\/en\/\"},{\"@type\":\"ListItem\",\"position\":2,\"name\":\"Home\"}]},{\"@type\":\"WebSite\",\"@id\":\"https:\/\/kallpageneracion.com.pe\/#website\",\"url\":\"https:\/\/kallpageneracion.com.pe\/\",\"name\":\"Kallpa Generaci\u00f3n\",\"description\":\"Proveemos la energ\u00eda que el pa\u00eds necesita\",\"potentialAction\":[{\"@type\":\"SearchAction\",\"target\":{\"@type\":\"EntryPoint\",\"urlTemplate\":\"https:\/\/kallpageneracion.com.pe\/?s={search_term_string}\"},\"query-input\":{\"@type\":\"PropertyValueSpecification\",\"valueRequired\":true,\"valueName\":\"search_term_string\"}}],\"inLanguage\":\"en-US\"}]}<\/script>\n<!-- \/ Yoast SEO plugin. -->","yoast_head_json":{"title":"Home - Kallpa","robots":{"index":"index","follow":"follow","max-snippet":"max-snippet:-1","max-image-preview":"max-image-preview:large","max-video-preview":"max-video-preview:-1"},"canonical":"https:\/\/kallpageneracion.com.pe\/en\/","og_locale":"en_US","og_type":"article","og_title":"Home - Kallpa","og_url":"https:\/\/kallpageneracion.com.pe\/en\/","og_site_name":"Kallpa","article_modified_time":"2026-04-02T16:14:38+00:00","twitter_card":"summary_large_image","schema":{"@context":"https:\/\/schema.org","@graph":[{"@type":"WebPage","@id":"https:\/\/kallpageneracion.com.pe\/en\/","url":"https:\/\/kallpageneracion.com.pe\/en\/","name":"Home - Kallpa","isPartOf":{"@id":"https:\/\/kallpageneracion.com.pe\/#website"},"datePublished":"2025-01-10T17:25:13+00:00","dateModified":"2026-04-02T16:14:38+00:00","breadcrumb":{"@id":"https:\/\/kallpageneracion.com.pe\/en\/#breadcrumb"},"inLanguage":"en-US","potentialAction":[{"@type":"ReadAction","target":["https:\/\/kallpageneracion.com.pe\/en\/"]}]},{"@type":"BreadcrumbList","@id":"https:\/\/kallpageneracion.com.pe\/en\/#breadcrumb","itemListElement":[{"@type":"ListItem","position":1,"name":"Portada","item":"https:\/\/kallpageneracion.com.pe\/en\/"},{"@type":"ListItem","position":2,"name":"Home"}]},{"@type":"WebSite","@id":"https:\/\/kallpageneracion.com.pe\/#website","url":"https:\/\/kallpageneracion.com.pe\/","name":"Kallpa Generaci\u00f3n","description":"Proveemos la energ\u00eda que el pa\u00eds necesita","potentialAction":[{"@type":"SearchAction","target":{"@type":"EntryPoint","urlTemplate":"https:\/\/kallpageneracion.com.pe\/?s={search_term_string}"},"query-input":{"@type":"PropertyValueSpecification","valueRequired":true,"valueName":"search_term_string"}}],"inLanguage":"en-US"}]}},"_links":{"self":[{"href":"https:\/\/kallpageneracion.com.pe\/en\/wp-json\/wp\/v2\/pages\/1394","targetHints":{"allow":["GET"]}}],"collection":[{"href":"https:\/\/kallpageneracion.com.pe\/en\/wp-json\/wp\/v2\/pages"}],"about":[{"href":"https:\/\/kallpageneracion.com.pe\/en\/wp-json\/wp\/v2\/types\/page"}],"author":[{"embeddable":true,"href":"https:\/\/kallpageneracion.com.pe\/en\/wp-json\/wp\/v2\/users\/1"}],"replies":[{"embeddable":true,"href":"https:\/\/kallpageneracion.com.pe\/en\/wp-json\/wp\/v2\/comments?post=1394"}],"version-history":[{"count":3,"href":"https:\/\/kallpageneracion.com.pe\/en\/wp-json\/wp\/v2\/pages\/1394\/revisions"}],"predecessor-version":[{"id":1397,"href":"https:\/\/kallpageneracion.com.pe\/en\/wp-json\/wp\/v2\/pages\/1394\/revisions\/1397"}],"wp:attachment":[{"href":"https:\/\/kallpageneracion.com.pe\/en\/wp-json\/wp\/v2\/media?parent=1394"}],"curies":[{"name":"wp","href":"https:\/\/api.w.org\/{rel}","templated":true}]}}