{"id":1409,"date":"2025-01-13T13:45:24","date_gmt":"2025-01-13T12:45:24","guid":{"rendered":"https:\/\/kallpageneracion.com.pe\/contacto\/"},"modified":"2025-05-14T00:39:07","modified_gmt":"2025-05-13T22:39:07","slug":"contact","status":"publish","type":"page","link":"https:\/\/kallpageneracion.com.pe\/en\/contact\/","title":{"rendered":"Contact"},"content":{"rendered":"","protected":false},"excerpt":{"rendered":"","protected":false},"author":1,"featured_media":0,"parent":0,"menu_order":0,"comment_status":"closed","ping_status":"closed","template":"tmp_contacto.php","meta":{"footnotes":""},"class_list":["post-1409","page","type-page","status-publish","hentry"],"yoast_head":"<!-- This site is optimized with the Yoast SEO plugin v24.9 - https:\/\/yoast.com\/wordpress\/plugins\/seo\/ -->\n<title>Contact - Kallpa<\/title>\n<meta name=\"robots\" content=\"index, follow, max-snippet:-1, max-image-preview:large, max-video-preview:-1\" \/>\n<link rel=\"canonical\" href=\"https:\/\/kallpageneracion.com.pe\/en\/contact\/\" \/>\n<meta property=\"og:locale\" content=\"en_US\" \/>\n<meta property=\"og:type\" content=\"article\" \/>\n<meta property=\"og:title\" content=\"Contact - Kallpa\" \/>\n<meta property=\"og:url\" content=\"https:\/\/kallpageneracion.com.pe\/en\/contact\/\" \/>\n<meta property=\"og:site_name\" content=\"Kallpa\" \/>\n<meta property=\"article:modified_time\" content=\"2025-05-13T22:39:07+00:00\" \/>\n<meta name=\"twitter:card\" content=\"summary_large_image\" \/>\n<script type=\"application\/ld+json\" class=\"yoast-schema-graph\">{\"@context\":\"https:\/\/schema.org\",\"@graph\":[{\"@type\":\"WebPage\",\"@id\":\"https:\/\/kallpageneracion.com.pe\/en\/contact\/\",\"url\":\"https:\/\/kallpageneracion.com.pe\/en\/contact\/\",\"name\":\"Contact - Kallpa\",\"isPartOf\":{\"@id\":\"https:\/\/kallpageneracion.com.pe\/#website\"},\"datePublished\":\"2025-01-13T12:45:24+00:00\",\"dateModified\":\"2025-05-13T22:39:07+00:00\",\"breadcrumb\":{\"@id\":\"https:\/\/kallpageneracion.com.pe\/en\/contact\/#breadcrumb\"},\"inLanguage\":\"en-US\",\"potentialAction\":[{\"@type\":\"ReadAction\",\"target\":[\"https:\/\/kallpageneracion.com.pe\/en\/contact\/\"]}]},{\"@type\":\"BreadcrumbList\",\"@id\":\"https:\/\/kallpageneracion.com.pe\/en\/contact\/#breadcrumb\",\"itemListElement\":[{\"@type\":\"ListItem\",\"position\":1,\"name\":\"Portada\",\"item\":\"https:\/\/kallpageneracion.com.pe\/en\/\"},{\"@type\":\"ListItem\",\"position\":2,\"name\":\"Contact\"}]},{\"@type\":\"WebSite\",\"@id\":\"https:\/\/kallpageneracion.com.pe\/#website\",\"url\":\"https:\/\/kallpageneracion.com.pe\/\",\"name\":\"Kallpa Generaci\u00f3n\",\"description\":\"Proveemos la energ\u00eda que el pa\u00eds necesita\",\"potentialAction\":[{\"@type\":\"SearchAction\",\"target\":{\"@type\":\"EntryPoint\",\"urlTemplate\":\"https:\/\/kallpageneracion.com.pe\/?s={search_term_string}\"},\"query-input\":{\"@type\":\"PropertyValueSpecification\",\"valueRequired\":true,\"valueName\":\"search_term_string\"}}],\"inLanguage\":\"en-US\"}]}<\/script>\n<!-- \/ Yoast SEO plugin. -->","yoast_head_json":{"title":"Contact - Kallpa","robots":{"index":"index","follow":"follow","max-snippet":"max-snippet:-1","max-image-preview":"max-image-preview:large","max-video-preview":"max-video-preview:-1"},"canonical":"https:\/\/kallpageneracion.com.pe\/en\/contact\/","og_locale":"en_US","og_type":"article","og_title":"Contact - Kallpa","og_url":"https:\/\/kallpageneracion.com.pe\/en\/contact\/","og_site_name":"Kallpa","article_modified_time":"2025-05-13T22:39:07+00:00","twitter_card":"summary_large_image","schema":{"@context":"https:\/\/schema.org","@graph":[{"@type":"WebPage","@id":"https:\/\/kallpageneracion.com.pe\/en\/contact\/","url":"https:\/\/kallpageneracion.com.pe\/en\/contact\/","name":"Contact - Kallpa","isPartOf":{"@id":"https:\/\/kallpageneracion.com.pe\/#website"},"datePublished":"2025-01-13T12:45:24+00:00","dateModified":"2025-05-13T22:39:07+00:00","breadcrumb":{"@id":"https:\/\/kallpageneracion.com.pe\/en\/contact\/#breadcrumb"},"inLanguage":"en-US","potentialAction":[{"@type":"ReadAction","target":["https:\/\/kallpageneracion.com.pe\/en\/contact\/"]}]},{"@type":"BreadcrumbList","@id":"https:\/\/kallpageneracion.com.pe\/en\/contact\/#breadcrumb","itemListElement":[{"@type":"ListItem","position":1,"name":"Portada","item":"https:\/\/kallpageneracion.com.pe\/en\/"},{"@type":"ListItem","position":2,"name":"Contact"}]},{"@type":"WebSite","@id":"https:\/\/kallpageneracion.com.pe\/#website","url":"https:\/\/kallpageneracion.com.pe\/","name":"Kallpa Generaci\u00f3n","description":"Proveemos la energ\u00eda que el pa\u00eds necesita","potentialAction":[{"@type":"SearchAction","target":{"@type":"EntryPoint","urlTemplate":"https:\/\/kallpageneracion.com.pe\/?s={search_term_string}"},"query-input":{"@type":"PropertyValueSpecification","valueRequired":true,"valueName":"search_term_string"}}],"inLanguage":"en-US"}]}},"_links":{"self":[{"href":"https:\/\/kallpageneracion.com.pe\/en\/wp-json\/wp\/v2\/pages\/1409","targetHints":{"allow":["GET"]}}],"collection":[{"href":"https:\/\/kallpageneracion.com.pe\/en\/wp-json\/wp\/v2\/pages"}],"about":[{"href":"https:\/\/kallpageneracion.com.pe\/en\/wp-json\/wp\/v2\/types\/page"}],"author":[{"embeddable":true,"href":"https:\/\/kallpageneracion.com.pe\/en\/wp-json\/wp\/v2\/users\/1"}],"replies":[{"embeddable":true,"href":"https:\/\/kallpageneracion.com.pe\/en\/wp-json\/wp\/v2\/comments?post=1409"}],"version-history":[{"count":2,"href":"https:\/\/kallpageneracion.com.pe\/en\/wp-json\/wp\/v2\/pages\/1409\/revisions"}],"predecessor-version":[{"id":1411,"href":"https:\/\/kallpageneracion.com.pe\/en\/wp-json\/wp\/v2\/pages\/1409\/revisions\/1411"}],"wp:attachment":[{"href":"https:\/\/kallpageneracion.com.pe\/en\/wp-json\/wp\/v2\/media?parent=1409"}],"curies":[{"name":"wp","href":"https:\/\/api.w.org\/{rel}","templated":true}]}}